{"id":773,"date":"2020-03-26T01:32:45","date_gmt":"2020-03-26T00:32:45","guid":{"rendered":"https:\/\/andreadimeglio.com\/?post_type=product&#038;p=773"},"modified":"2020-03-26T02:07:24","modified_gmt":"2020-03-26T01:07:24","slug":"session-1-god-is-always-work","status":"publish","type":"product","link":"https:\/\/andreadimeglio.com\/de\/produkt\/session-1-god-is-always-work\/","title":{"rendered":"Session 1 \u2013 Gott ist immer am arbeiten!"},"content":{"rendered":"","protected":false},"excerpt":{"rendered":"<p>Durch dieses besondere Lehrmaterial wird Andrea di Meglio in dir Glauben und Leidenschaft daf\u00fcr entfachen, einen \u00fcbernat\u00fcrlichen Lebensstil zu leben. Seit \u00fcber 10 Jahren hat Andrea pers\u00f6nlich ein Wunder nach dem anderen erlebt. Jetzt m\u00f6chte er dir als Mentor zur Seite stehen, um dasselbe zu erleben! Die Kraft und Autorit\u00e4t, es geschehen zu lassen, ist bereits in dir. Sie muss nur noch aktiviert werden.<\/p>\n<p>Gott ist bereit, dich zu gebrauchen, um einer sterbenden Welt Heilung und Erl\u00f6sung zu bringen. Du kannst jedem Menschen, an jedem Ort und zu jeder Zeit Erweckung bringen. Der Schl\u00fcssel dazu ist, zu lernen zu lernen in der Gegenwart Gottes zu bleiben. Je mehr du Jesus in dir wahrnimmst, desto mehr wirst du sehen, wie er durch dich wirkt.<\/p>\n<p>Zum Abschluss dieser gesalbten Reihe betet Andrea die folgenden besonderen Gebete \u00fcber dir:<\/p>\n<ul>\n<li>dass Gott eine Taufe der Liebe freisetzt<\/li>\n<li>dass du die Geistesgabe der Worte der Erkenntnis erfahren kannst<\/li>\n<li>dass Gott Seinen Geist der Offenbarung und Weisheit \u00fcber dir ausgie\u00dfe<\/li>\n<li>f\u00fcr eine \u00dcbertragung des Feuers des Heiligen Geistes<\/li>\n<li>f\u00fcr Segen und Gunst<\/li>\n<\/ul>","protected":false},"featured_media":323,"comment_status":"open","ping_status":"closed","template":"","meta":{"_et_pb_use_builder":"","_et_pb_old_content":"","_et_gb_content_width":"","advanced_seo_description":"","jetpack_seo_html_title":"","jetpack_seo_noindex":false,"jetpack_publicize_message":"","jetpack_publicize_feature_enabled":true,"jetpack_social_post_already_shared":true,"jetpack_social_options":{"image_generator_settings":{"template":"highway","default_image_id":0,"font":"","enabled":false},"version":2},"_wpas_customize_per_network":false},"product_brand":[],"product_cat":[],"product_tag":[],"class_list":{"0":"post-773","1":"product","2":"type-product","3":"status-publish","4":"has-post-thumbnail","7":"first","8":"instock","9":"downloadable","10":"virtual","11":"purchasable","12":"product-type-simple"},"jetpack_publicize_connections":[],"jetpack_likes_enabled":true,"jetpack_sharing_enabled":true,"_links":{"self":[{"href":"https:\/\/andreadimeglio.com\/de\/wp-json\/wp\/v2\/product\/773","targetHints":{"allow":["GET"]}}],"collection":[{"href":"https:\/\/andreadimeglio.com\/de\/wp-json\/wp\/v2\/product"}],"about":[{"href":"https:\/\/andreadimeglio.com\/de\/wp-json\/wp\/v2\/types\/product"}],"replies":[{"embeddable":true,"href":"https:\/\/andreadimeglio.com\/de\/wp-json\/wp\/v2\/comments?post=773"}],"wp:featuredmedia":[{"embeddable":true,"href":"https:\/\/andreadimeglio.com\/de\/wp-json\/wp\/v2\/media\/323"}],"wp:attachment":[{"href":"https:\/\/andreadimeglio.com\/de\/wp-json\/wp\/v2\/media?parent=773"}],"wp:term":[{"taxonomy":"product_brand","embeddable":true,"href":"https:\/\/andreadimeglio.com\/de\/wp-json\/wp\/v2\/product_brand?post=773"},{"taxonomy":"product_cat","embeddable":true,"href":"https:\/\/andreadimeglio.com\/de\/wp-json\/wp\/v2\/product_cat?post=773"},{"taxonomy":"product_tag","embeddable":true,"href":"https:\/\/andreadimeglio.com\/de\/wp-json\/wp\/v2\/product_tag?post=773"}],"curies":[{"name":"wp","href":"https:\/\/api.w.org\/{rel}","templated":true}]}}