{"id":1577,"date":"2020-05-25T14:09:53","date_gmt":"2020-05-25T13:09:53","guid":{"rendered":"https:\/\/andreadimeglio.com\/?page_id=1577"},"modified":"2020-07-22T10:53:25","modified_gmt":"2020-07-22T09:53:25","slug":"impressum","status":"publish","type":"page","link":"https:\/\/andreadimeglio.com\/de\/impressum\/","title":{"rendered":"Impressum"},"content":{"rendered":"<p>[et_pb_section fb_built=&#8221;1&#8243; fullwidth=&#8221;on&#8221; admin_label=&#8221;Header Section&#8221; _builder_version=&#8221;4.0.7&#8243; background_enable_color=&#8221;off&#8221; background_image=&#8221;<a href=\"https:\/\/andreadimeglio.com\/wp-content\/uploads\/2020\/05\/bill-oxford-OXGhu60NwxU-unsplash-2.jpg&#038;#8221\">https:\/\/andreadimeglio.com\/wp-content\/uploads\/2020\/05\/bill-oxford-OXGhu60NwxU-unsplash-2.jpg&#038;#8221<\/a>; parallax=&#8221;on&#8221; custom_padding=&#8221;|||&#8221; locked=&#8221;off&#8221;][et_pb_fullwidth_header title=&#8221;Imprint&#8221; text_orientation=&#8221;center&#8221; background_overlay_color=&#8221;rgba(0,0,0,0.4)&#8221; content_max_width_last_edited=&#8221;off|desktop&#8221; admin_label=&#8221;Contents&#8221; _builder_version=&#8221;4.0.7&#8243; title_font=&#8221;Oswald|||on|&#8221; title_text_align=&#8221;center&#8221; title_font_size=&#8221;80px&#8221; title_letter_spacing=&#8221;0.05em&#8221; title_line_height=&#8221;1.5em&#8221; subhead_font=&#8221;Nunito|600|||||||&#8221; subhead_font_size=&#8221;20px&#8221; subhead_line_height=&#8221;1.9em&#8221; background_color=&#8221;rgba(255,255,255,0)&#8221; background_enable_image=&#8221;off&#8221; parallax=&#8221;on&#8221; parallax_method=&#8221;on&#8221; custom_button_one=&#8221;on&#8221; button_one_text_size=&#8221;15px&#8221; button_one_bg_color=&#8221;#dca57d&#8221; button_one_border_width=&#8221;10px&#8221; button_one_border_color=&#8221;#dca57d&#8221; button_one_border_radius=&#8221;0px&#8221; button_one_letter_spacing=&#8221;3px&#8221; button_one_font=&#8221;Oswald|||on|&#8221; button_one_use_icon=&#8221;off&#8221; custom_margin=&#8221;|||&#8221; custom_padding=&#8221;5%||5%|&#8221; animation_style=&#8221;fade&#8221; animation_starting_opacity=&#8221;50%&#8221; animation_speed_curve=&#8221;ease-in&#8221; title_font_size_tablet=&#8221;60px&#8221; title_font_size_phone=&#8221;40px&#8221; title_font_size_last_edited=&#8221;on|phone&#8221; button_one_border_color_hover=&#8221;#c99872&#8243; button_one_border_radius_hover=&#8221;0px&#8221; button_one_letter_spacing_hover=&#8221;3px&#8221; button_one_bg_color_hover=&#8221;#c99872&#8243; button_one_text_size__hover_enabled=&#8221;off&#8221; button_two_text_size__hover_enabled=&#8221;off&#8221; button_one_text_color__hover_enabled=&#8221;off&#8221; button_two_text_color__hover_enabled=&#8221;off&#8221; button_one_border_width__hover_enabled=&#8221;off&#8221; button_two_border_width__hover_enabled=&#8221;off&#8221; button_one_border_color__hover_enabled=&#8221;on&#8221; button_one_border_color__hover=&#8221;#c99872&#8243; button_two_border_color__hover_enabled=&#8221;off&#8221; button_one_border_radius__hover_enabled=&#8221;on&#8221; button_one_border_radius__hover=&#8221;0px&#8221; button_two_border_radius__hover_enabled=&#8221;off&#8221; button_one_letter_spacing__hover_enabled=&#8221;on&#8221; button_one_letter_spacing__hover=&#8221;3px&#8221; button_two_letter_spacing__hover_enabled=&#8221;off&#8221; button_one_bg_color__hover_enabled=&#8221;on&#8221; button_one_bg_color__hover=&#8221;#c99872&#8243; button_two_bg_color__hover_enabled=&#8221;off&#8221;][\/et_pb_fullwidth_header][\/et_pb_section][et_pb_section fb_built=&#8221;1&#8243; _builder_version=&#8221;4.0.7&#8243;][et_pb_row _builder_version=&#8221;4.0.7&#8243;][et_pb_column type=&#8221;4_4&#8243; _builder_version=&#8221;4.0.7&#8243;][et_pb_code _builder_version=&#8221;4.0.7&#8243; hover_enabled=&#8221;0&#8243;]<pee><strong>Contact address<\/strong><\/pee><pee>Andrea di Meglio<!\u2013- [et_pb_br_holder] -\u2013>Marktgasse 63-65<!\u2013- [et_pb_br_holder] -\u2013>3011 Bern<!\u2013- [et_pb_br_holder] -\u2013>Switzerland<\/pee><pee>E-mail:<!\u2013- [et_pb_br_holder] -\u2013>pa2andrea@vineyard-bern.ch<\/pee><pee>\u00a0<\/pee><pee><strong>Disclaimer<\/strong><\/pee>The author assumes no liability whatsoever with regard to the correctness, accuracy, topicality, reliability and completeness of the information provided.<\/pee><!-- [et_pb_line_break_holder] --><pee>Liability claims against the author for material or immaterial damages resulting from access to or use or non-use of the published information, misuse of the connection or technical faults are excluded.<\/pee><!-- [et_pb_line_break_holder] --><pee>All offers are non-binding. Parts of the pages or the complete publication including all offers and information might be extended, changed or partly or completely deleted by the author without separate announcement.<\/pee><pee>\u00a0<\/pee><pee><!-- [et_pb_line_break_holder] --><strong>Exclusion of liability for links<\/strong><\/pee><pee>References and links to third third party websites lie outside our area of responsibility. We reject any responsibility for such websites. Access and use of such websites is at the user&#8217;s own risk.<\/pee><pee>\u00a0<\/pee><pee><strong>Copyright<\/strong><\/pee><pee>The copyrights and all other rights to the content, images, photos or other files on this website belong exclusively to <strong>Andrea di Meglio<\/strong> or to the specifically named rights holders. For the reproduction of any element, the written consent of the copyright holder must be obtained in advance.<\/pee><pee>\u00a0<\/pee><!--ACHTUNG: Wenn Sie die Quelle ohne Erlaubnis von SwissAnwalt entfernen, dann begehen Sie eine Urheberrechtsverletzung welche in jedem Fall geahndet wird.--><!\u2013- [et_pb_br_holder] -\u2013>Source: <a href=\"https:\/\/www.swissanwalt.ch\" target=\"_blank\" rel=\"noopener noreferrer\">SwissAnwalt<\/a><!--Bitte beachten Sie die AGB von SwissAnwalt betreffend allf\u00e4llig anfallenden Kosten bei Weglassen der Quelle!-->[\/et_pb_code][\/et_pb_column][\/et_pb_row][\/et_pb_section][et_pb_section fb_built=&#8221;1&#8243; _builder_version=&#8221;4.0.7&#8243; background_color=&#8221;#000000&#8243; custom_padding=&#8221;0px||5px|||&#8221; global_module=&#8221;105&#8243;][et_pb_row column_structure=&#8221;1_3,1_3,1_3&#8243; _builder_version=&#8221;4.0.7&#8243;][et_pb_column type=&#8221;1_3&#8243; _builder_version=&#8221;4.0.7&#8243;][et_pb_image src=&#8221;<a href=\"https:\/\/andreadimeglio.com\/wp-content\/uploads\/2019\/11\/email_weiss.png&#038;#8221\">https:\/\/andreadimeglio.com\/wp-content\/uploads\/2019\/11\/email_weiss.png&#038;#8221<\/a>; url=&#8221;mailto:pa2andrea@vineyard-bern.ch&#8221; url_new_window=&#8221;on&#8221; align=&#8221;center&#8221; _builder_version=&#8221;4.0.7&#8243; height=&#8221;35px&#8221;][\/et_pb_image][\/et_pb_column][et_pb_column type=&#8221;1_3&#8243; _builder_version=&#8221;4.0.7&#8243;][et_pb_image src=&#8221;<a href=\"https:\/\/andreadimeglio.com\/wp-content\/uploads\/2019\/11\/facebook_white.png&#038;#8221\">https:\/\/andreadimeglio.com\/wp-content\/uploads\/2019\/11\/facebook_white.png&#038;#8221<\/a>; url=&#8221;<a href=\"https:\/\/www.facebook.com\/andreadimeglio77\/&#038;#8221\" rel=\"nofollow\">https:\/\/www.facebook.com\/andreadimeglio77\/&#038;#8221<\/a>; url_new_window=&#8221;on&#8221; align=&#8221;center&#8221; _builder_version=&#8221;4.0.7&#8243; height=&#8221;35px&#8221;][\/et_pb_image][\/et_pb_column][et_pb_column type=&#8221;1_3&#8243; _builder_version=&#8221;4.0.7&#8243;][et_pb_image src=&#8221;<a href=\"https:\/\/andreadimeglio.com\/wp-content\/uploads\/2019\/11\/instagram_white.png&#038;#8221\">https:\/\/andreadimeglio.com\/wp-content\/uploads\/2019\/11\/instagram_white.png&#038;#8221<\/a>; url=&#8221;<a href=\"https:\/\/www.instagram.com\/andreadimeglio77\/&#038;#8221\" rel=\"nofollow\">https:\/\/www.instagram.com\/andreadimeglio77\/&#038;#8221<\/a>; url_new_window=&#8221;on&#8221; align=&#8221;center&#8221; _builder_version=&#8221;4.0.7&#8243; height=&#8221;35px&#8221;][\/et_pb_image][\/et_pb_column][\/et_pb_row][et_pb_row _builder_version=&#8221;4.0.7&#8243; min_height=&#8221;27px&#8221; custom_padding=&#8221;2px|||||&#8221;][et_pb_column type=&#8221;4_4&#8243; _builder_version=&#8221;4.0.7&#8243;][et_pb_text admin_label=&#8221;Text&#8221; _builder_version=&#8221;4.0.7&#8243; text_font=&#8221;Nunito||||||||&#8221;]<\/p>\n<p style=\"text-align: center;\"><span style=\"color: #ffffff;\">\u00a9 2020 SILOAM PRODUCTIONS. ALL RIGHTS RESERVED.<\/span><\/p>\n<p>[\/et_pb_text][et_pb_text admin_label=&#8221;Text&#8221; _builder_version=&#8221;4.0.7&#8243; text_font=&#8221;Nunito||||||||&#8221;]<\/p>\n<p style=\"text-align: center;\"><a href=\"https:\/\/andreadimeglio.com\/impressum\/\"><span style=\"color: #ffffff;\">IMPRINT<\/span><\/a><\/p>\n<p>[\/et_pb_text][\/et_pb_column][\/et_pb_row][\/et_pb_section]<\/p>\n","protected":false},"excerpt":{"rendered":"<p>\u00a9 2020 SILOAM PRODUCTIONS. ALL RIGHTS RESERVED.IMPRINT<\/p>","protected":false},"author":176091151,"featured_media":0,"parent":0,"menu_order":0,"comment_status":"closed","ping_status":"closed","template":"","meta":{"_et_pb_use_builder":"on","_et_pb_old_content":"<p>[et_pb_section fb_built=\"1\" fullwidth=\"on\" admin_label=\"Header Section\" _builder_version=\"4.0.7\" background_enable_color=\"off\" background_image=\"https:\/\/andreadimeglio.com\/wp-content\/uploads\/2020\/04\/jill-heyer-03ztkGdYWU8-unsplash-e1586292590935.jpg\" parallax=\"on\" custom_padding=\"|||\" locked=\"off\"][et_pb_fullwidth_header title=\"GIVE\" text_orientation=\"center\" background_overlay_color=\"rgba(0,0,0,0.4)\" content_max_width_last_edited=\"off|desktop\" admin_label=\"Contents\" _builder_version=\"4.0.7\" title_font=\"Oswald|||on|\" title_text_align=\"center\" title_font_size=\"80px\" title_letter_spacing=\"0.05em\" title_line_height=\"1.5em\" subhead_font=\"Nunito|600|||||||\" subhead_font_size=\"20px\" subhead_line_height=\"1.9em\" background_color=\"rgba(255, 255, 255, 0)\" background_enable_image=\"off\" parallax=\"on\" parallax_method=\"on\" custom_button_one=\"on\" button_one_text_size=\"15px\" button_one_bg_color=\"#dca57d\" button_one_border_width=\"10px\" button_one_border_color=\"#dca57d\" button_one_border_radius=\"0px\" button_one_letter_spacing=\"3px\" button_one_font=\"Oswald|||on|\" button_one_use_icon=\"off\" custom_margin=\"|||\" custom_padding=\"5%||5%|\" animation_style=\"fade\" animation_starting_opacity=\"50%\" animation_speed_curve=\"ease-in\" title_font_size_tablet=\"60px\" title_font_size_phone=\"40px\" title_font_size_last_edited=\"on|phone\" button_one_border_color_hover=\"#c99872\" button_one_border_radius_hover=\"0px\" button_one_letter_spacing_hover=\"3px\" button_one_bg_color_hover=\"#c99872\" button_one_text_size__hover_enabled=\"off\" button_two_text_size__hover_enabled=\"off\" button_one_text_color__hover_enabled=\"off\" button_two_text_color__hover_enabled=\"off\" button_one_border_width__hover_enabled=\"off\" button_two_border_width__hover_enabled=\"off\" button_one_border_color__hover_enabled=\"on\" button_one_border_color__hover=\"#c99872\" button_two_border_color__hover_enabled=\"off\" button_one_border_radius__hover_enabled=\"on\" button_one_border_radius__hover=\"0px\" button_two_border_radius__hover_enabled=\"off\" button_one_letter_spacing__hover_enabled=\"on\" button_one_letter_spacing__hover=\"3px\" button_two_letter_spacing__hover_enabled=\"off\" button_one_bg_color__hover_enabled=\"on\" button_one_bg_color__hover=\"#c99872\" button_two_bg_color__hover_enabled=\"off\"][\/et_pb_fullwidth_header][\/et_pb_section][et_pb_section fb_built=\"1\" admin_label=\"Blog Section\" _builder_version=\"3.22\" background_color=\"#f8f8f8\" custom_padding=\"100px|0px|100px|\" locked=\"off\"][et_pb_row admin_label=\"CTA Button\" _builder_version=\"4.0.7\" background_enable_image=\"off\" parallax=\"on\" custom_padding=\"|||\"][et_pb_column type=\"4_4\" _builder_version=\"3.25\" custom_padding=\"|||\" custom_padding__hover=\"|||\"][et_pb_text disabled_on=\"off|off|off\" admin_label=\"Subtittle\" _builder_version=\"4.0.7\" text_font=\"Nunito||||||||\" text_text_color=\"#787070\" text_font_size=\"18px\" text_line_height=\"1.8em\" header_font=\"Oswald||||\" header_font_size=\"16px\" header_letter_spacing=\"2px\" header_line_height=\"1.7em\" text_orientation=\"center\" max_width=\"600px\" max_width_tablet=\"\" max_width_phone=\"\" max_width_last_edited=\"on|phone\" module_alignment=\"center\" custom_margin=\"-30px|||\"]<\/p><p style=\"text-align: center;\"><p><strong>Kontakt-Adresse<\/strong><\/p><p>Andrea di Meglio<br\/>Marktgasse 63-65<br\/>3011 Bern<br\/>Schweiz<\/p><p>E-Mail:<br\/>pa2andrea@vineyard-bern.ch<\/p><p>\u00a0<\/p><p><strong>Haftungsausschluss<\/strong><\/p>Der Autor \u00fcbernimmt keinerlei Gew\u00e4hr hinsichtlich der inhaltlichen Richtigkeit, Genauigkeit, Aktualit\u00e4t, Zuverl\u00e4ssigkeit und Vollst\u00e4ndigkeit der Informationen.<\/p><p>Haftungsanspr\u00fcche gegen den Autor wegen Sch\u00e4den materieller oder immaterieller Art, welche aus dem Zugriff oder der Nutzung bzw. Nichtnutzung der ver\u00f6ffentlichten Informationen, durch Missbrauch der Verbindung oder durch technische St\u00f6rungen entstanden sind, werden ausgeschlossen.<\/p><p>Alle Angebote sind unverbindlich. Der Autor beh\u00e4lt es sich ausdr\u00fccklich vor, Teile der Seiten oder das gesamte Angebot ohne besondere Ank\u00fcndigung zu ver\u00e4ndern, zu erg\u00e4nzen, zu l\u00f6schen oder die Ver\u00f6ffentlichung zeitweise oder endg\u00fcltig einzustellen.<\/p><p>\u00a0<\/p><p><strong>Haftungsausschluss f\u00fcr Links<\/strong><\/p><p>Verweise und Links auf Webseiten Dritter liegen ausserhalb unseres Verantwortungsbereichs. Es wird jegliche Verantwortung f\u00fcr solche Webseiten abgelehnt. Der Zugriff und die Nutzung solcher Webseiten erfolgen auf eigene Gefahr des jeweiligen Nutzers.<\/p><p>\u00a0<\/p><p><strong>Urheberrechte<\/strong><\/p><p>Die Urheber- und alle anderen Rechte an Inhalten, Bildern, Fotos oder anderen Dateien auf dieser Website, geh\u00f6ren ausschliesslich <strong>Andrea di Meglio<\/strong> oder den speziell genannten Rechteinhabern. F\u00fcr die Reproduktion jeglicher Elemente ist die schriftliche Zustimmung des Urheberrechtstr\u00e4gers im Voraus einzuholen.<\/p><p>\u00a0<\/p><!--ACHTUNG: Wenn Sie die Quelle ohne Erlaubnis von SwissAnwalt entfernen, dann begehen Sie eine Urheberrechtsverletzung welche in jedem Fall geahndet wird.--><br\/>Quelle: <a href=\"https:\/\/www.swissanwalt.ch\" target=\"_blank\" rel=\"noopener\">SwissAnwalt<\/a><!--Bitte beachten Sie die AGB von SwissAnwalt betreffend allf\u00e4llig anfallenden Kosten bei Weglassen der Quelle!--><\/p><p style=\"text-align: center;\"><a href=\"https:\/\/andreadimeglio.com\/invite\/\"><span style=\"color: #ffffff;\">INVITE<\/span><\/a><\/p><p>[\/et_pb_text][\/et_pb_column][et_pb_column type=\"1_4\" _builder_version=\"4.0.7\"][et_pb_text _builder_version=\"4.0.7\" text_font=\"Nunito||||||||\"]<\/p><p style=\"text-align: center;\"><a href=\"https:\/\/andreadimeglio.com\/about\/\"><span style=\"color: #ffffff;\">ABOUT<\/span><\/a><\/p><p>[\/et_pb_text][\/et_pb_column][et_pb_column type=\"1_4\" _builder_version=\"4.0.7\"][et_pb_text _builder_version=\"4.0.7\" text_font=\"Nunito||||||||\"]<\/p><p style=\"text-align: center;\"><a href=\"https:\/\/andreadimeglio.com\/shop\/\"><span style=\"color: #ffffff;\">SHOP<\/span><\/a><\/p><p>[\/et_pb_text][\/et_pb_column][et_pb_column type=\"1_4\" _builder_version=\"4.0.7\"][et_pb_text _builder_version=\"4.0.7\" text_font=\"Nunito||||||||\"]<\/p><p style=\"text-align: center;\"><a href=\"https:\/\/www.christinyoumovie.com\/de\"><span style=\"color: #ffffff;\">CHRIST IN YOU<\/span><\/a><\/p><p>[\/et_pb_text][\/et_pb_column][\/et_pb_row][et_pb_row _builder_version=\"4.0.7\"][et_pb_column type=\"4_4\" _builder_version=\"4.0.7\"][et_pb_text _builder_version=\"4.0.7\" background_enable_color=\"off\" min_height=\"4px\"]<\/p><p style=\"text-align: center;\">\u00a0\u00a0\u00a0\u00a0\u00a0 <a href=\"mailto:pa2andrea@vineyard-bern.ch\"><img class=\"alignnone wp-image-685 \" src=\"https:\/\/andreadimeglio.com\/wp-content\/uploads\/2019\/11\/email_weiss-300x300.png\" alt=\"\" width=\"35\" height=\"35\" \/><\/a>\u00a0\u00a0<a href=\"https:\/\/www.facebook.com\/andreadimeglio77\"><img class=\"wp-image-680 alignnone \" src=\"https:\/\/andreadimeglio.com\/wp-content\/uploads\/2019\/11\/facebook_white-300x300.png\" alt=\"\" width=\"34\" height=\"34\" \/><\/a>\u00a0 <a href=\"https:\/\/www.instagram.com\/andreadimeglio77\"><img class=\"wp-image-681 alignnone \" src=\"https:\/\/andreadimeglio.com\/wp-content\/uploads\/2019\/11\/instagram_white-300x300.png\" alt=\"\" width=\"35\" height=\"35\" \/><\/a><\/p><p>[\/et_pb_text][\/et_pb_column][\/et_pb_row][et_pb_row _builder_version=\"4.0.7\" min_height=\"27px\" custom_padding=\"2px|||||\"][et_pb_column type=\"4_4\" _builder_version=\"4.0.7\"][et_pb_text admin_label=\"Text\" _builder_version=\"4.0.7\" text_font=\"Nunito||||||||\"]<\/p><p style=\"text-align: center;\"><span style=\"color: #ffffff;\">\u00a9 2020 SILOAM PRODUCTIONS. ALL RIGHTS RESERVED.<\/span><\/p><p>[\/et_pb_text][\/et_pb_column][\/et_pb_row][\/et_pb_section]<\/p>","_et_gb_content_width":"","advanced_seo_description":"","jetpack_seo_html_title":"","jetpack_seo_noindex":false,"footnotes":""},"class_list":["post-1577","page","type-page","status-publish","hentry"],"jetpack_likes_enabled":true,"jetpack_sharing_enabled":true,"jetpack_shortlink":"https:\/\/wp.me\/PbuDmx-pr","_links":{"self":[{"href":"https:\/\/andreadimeglio.com\/de\/wp-json\/wp\/v2\/pages\/1577","targetHints":{"allow":["GET"]}}],"collection":[{"href":"https:\/\/andreadimeglio.com\/de\/wp-json\/wp\/v2\/pages"}],"about":[{"href":"https:\/\/andreadimeglio.com\/de\/wp-json\/wp\/v2\/types\/page"}],"author":[{"embeddable":true,"href":"https:\/\/andreadimeglio.com\/de\/wp-json\/wp\/v2\/users\/176091151"}],"replies":[{"embeddable":true,"href":"https:\/\/andreadimeglio.com\/de\/wp-json\/wp\/v2\/comments?post=1577"}],"version-history":[{"count":10,"href":"https:\/\/andreadimeglio.com\/de\/wp-json\/wp\/v2\/pages\/1577\/revisions"}],"predecessor-version":[{"id":1715,"href":"https:\/\/andreadimeglio.com\/de\/wp-json\/wp\/v2\/pages\/1577\/revisions\/1715"}],"wp:attachment":[{"href":"https:\/\/andreadimeglio.com\/de\/wp-json\/wp\/v2\/media?parent=1577"}],"curies":[{"name":"wp","href":"https:\/\/api.w.org\/{rel}","templated":true}]}}